{"id":34211,"date":"2025-04-05T22:37:03","date_gmt":"2025-04-05T19:37:03","guid":{"rendered":"https:\/\/sekokimya.com\/?page_id=34211"},"modified":"2025-07-01T22:04:52","modified_gmt":"2025-07-01T19:04:52","slug":"referanslar","status":"publish","type":"page","link":"https:\/\/sekokimya.com\/en\/referanslar\/","title":{"rendered":"REFERANSLAR"},"content":{"rendered":"<h2 id=\"wd-2298f980\" class=\"wp-block-wd-title title\">TUR\u0130ZM REFERANSLARI<\/h2><figure class=\"wp-block-gallery has-nested-images columns-5 wp-block-gallery-1 is-layout-flex wp-block-gallery-is-layout-flex\"><figure class=\"wp-block-image size-large\"><img loading=\"lazy\" decoding=\"async\" width=\"471\" height=\"328\" data-id=\"34716\" src=\"https:\/\/sekokimya.com\/wp-content\/uploads\/2025\/06\/refs_03.jpg\" alt=\"\" class=\"wp-image-34716\" srcset=\"https:\/\/sekokimya.com\/wp-content\/uploads\/2025\/06\/refs_03.jpg 471w, https:\/\/sekokimya.com\/wp-content\/uploads\/2025\/06\/refs_03-400x279.jpg 400w, https:\/\/sekokimya.com\/wp-content\/uploads\/2025\/06\/refs_03-430x299.jpg 430w, https:\/\/sekokimya.com\/wp-content\/uploads\/2025\/06\/refs_03-150x104.jpg 150w\" sizes=\"auto, (max-width: 471px) 100vw, 471px\" \/><\/figure>\n\n<figure class=\"wp-block-image size-full\"><img loading=\"lazy\" decoding=\"async\" width=\"473\" height=\"327\" data-id=\"34768\" src=\"https:\/\/sekokimya.com\/wp-content\/uploads\/2025\/06\/reff_05.jpg\" alt=\"\" class=\"wp-image-34768\" srcset=\"https:\/\/sekokimya.com\/wp-content\/uploads\/2025\/06\/reff_05.jpg 473w, https:\/\/sekokimya.com\/wp-content\/uploads\/2025\/06\/reff_05-400x277.jpg 400w, https:\/\/sekokimya.com\/wp-content\/uploads\/2025\/06\/reff_05-430x297.jpg 430w, https:\/\/sekokimya.com\/wp-content\/uploads\/2025\/06\/reff_05-150x104.jpg 150w\" sizes=\"auto, (max-width: 473px) 100vw, 473px\" \/><\/figure>\n\n<figure class=\"wp-block-image size-full\"><img loading=\"lazy\" decoding=\"async\" width=\"473\" height=\"327\" data-id=\"34767\" src=\"https:\/\/sekokimya.com\/wp-content\/uploads\/2025\/06\/reff_03.jpg\" alt=\"\" class=\"wp-image-34767\" srcset=\"https:\/\/sekokimya.com\/wp-content\/uploads\/2025\/06\/reff_03.jpg 473w, https:\/\/sekokimya.com\/wp-content\/uploads\/2025\/06\/reff_03-400x277.jpg 400w, https:\/\/sekokimya.com\/wp-content\/uploads\/2025\/06\/reff_03-430x297.jpg 430w, https:\/\/sekokimya.com\/wp-content\/uploads\/2025\/06\/reff_03-150x104.jpg 150w\" sizes=\"auto, (max-width: 473px) 100vw, 473px\" \/><\/figure>\n\n<figure class=\"wp-block-image size-large\"><img loading=\"lazy\" decoding=\"async\" width=\"470\" height=\"328\" data-id=\"34738\" src=\"https:\/\/sekokimya.com\/wp-content\/uploads\/2025\/06\/refs_60.jpg\" alt=\"\" class=\"wp-image-34738\" srcset=\"https:\/\/sekokimya.com\/wp-content\/uploads\/2025\/06\/refs_60.jpg 470w, https:\/\/sekokimya.com\/wp-content\/uploads\/2025\/06\/refs_60-400x279.jpg 400w, https:\/\/sekokimya.com\/wp-content\/uploads\/2025\/06\/refs_60-430x300.jpg 430w, https:\/\/sekokimya.com\/wp-content\/uploads\/2025\/06\/refs_60-150x105.jpg 150w\" sizes=\"auto, (max-width: 470px) 100vw, 470px\" \/><\/figure>\n\n<figure class=\"wp-block-image size-large\"><img loading=\"lazy\" decoding=\"async\" width=\"470\" height=\"328\" data-id=\"34737\" src=\"https:\/\/sekokimya.com\/wp-content\/uploads\/2025\/06\/refs_59.jpg\" alt=\"\" class=\"wp-image-34737\" srcset=\"https:\/\/sekokimya.com\/wp-content\/uploads\/2025\/06\/refs_59.jpg 470w, https:\/\/sekokimya.com\/wp-content\/uploads\/2025\/06\/refs_59-400x279.jpg 400w, https:\/\/sekokimya.com\/wp-content\/uploads\/2025\/06\/refs_59-430x300.jpg 430w, https:\/\/sekokimya.com\/wp-content\/uploads\/2025\/06\/refs_59-150x105.jpg 150w\" sizes=\"auto, (max-width: 470px) 100vw, 470px\" \/><\/figure>\n\n<figure class=\"wp-block-image size-large\"><img loading=\"lazy\" decoding=\"async\" width=\"470\" height=\"328\" data-id=\"34736\" src=\"https:\/\/sekokimya.com\/wp-content\/uploads\/2025\/06\/refs_58.jpg\" alt=\"\" class=\"wp-image-34736\" srcset=\"https:\/\/sekokimya.com\/wp-content\/uploads\/2025\/06\/refs_58.jpg 470w, https:\/\/sekokimya.com\/wp-content\/uploads\/2025\/06\/refs_58-400x279.jpg 400w, https:\/\/sekokimya.com\/wp-content\/uploads\/2025\/06\/refs_58-430x300.jpg 430w, https:\/\/sekokimya.com\/wp-content\/uploads\/2025\/06\/refs_58-150x105.jpg 150w\" sizes=\"auto, (max-width: 470px) 100vw, 470px\" \/><\/figure>\n\n<figure class=\"wp-block-image size-large\"><img loading=\"lazy\" decoding=\"async\" width=\"470\" height=\"328\" data-id=\"34735\" src=\"https:\/\/sekokimya.com\/wp-content\/uploads\/2025\/06\/refs_51.jpg\" alt=\"\" class=\"wp-image-34735\" srcset=\"https:\/\/sekokimya.com\/wp-content\/uploads\/2025\/06\/refs_51.jpg 470w, https:\/\/sekokimya.com\/wp-content\/uploads\/2025\/06\/refs_51-400x279.jpg 400w, https:\/\/sekokimya.com\/wp-content\/uploads\/2025\/06\/refs_51-430x300.jpg 430w, https:\/\/sekokimya.com\/wp-content\/uploads\/2025\/06\/refs_51-150x105.jpg 150w\" sizes=\"auto, (max-width: 470px) 100vw, 470px\" \/><\/figure>\n\n<figure class=\"wp-block-image size-large\"><img loading=\"lazy\" decoding=\"async\" width=\"470\" height=\"328\" data-id=\"34734\" src=\"https:\/\/sekokimya.com\/wp-content\/uploads\/2025\/06\/refs_49.jpg\" alt=\"\" class=\"wp-image-34734\" srcset=\"https:\/\/sekokimya.com\/wp-content\/uploads\/2025\/06\/refs_49.jpg 470w, https:\/\/sekokimya.com\/wp-content\/uploads\/2025\/06\/refs_49-400x279.jpg 400w, https:\/\/sekokimya.com\/wp-content\/uploads\/2025\/06\/refs_49-430x300.jpg 430w, https:\/\/sekokimya.com\/wp-content\/uploads\/2025\/06\/refs_49-150x105.jpg 150w\" sizes=\"auto, (max-width: 470px) 100vw, 470px\" \/><\/figure>\n\n<figure class=\"wp-block-image size-large\"><img loading=\"lazy\" decoding=\"async\" width=\"470\" height=\"328\" data-id=\"34733\" src=\"https:\/\/sekokimya.com\/wp-content\/uploads\/2025\/06\/refs_47.jpg\" alt=\"\" class=\"wp-image-34733\" srcset=\"https:\/\/sekokimya.com\/wp-content\/uploads\/2025\/06\/refs_47.jpg 470w, https:\/\/sekokimya.com\/wp-content\/uploads\/2025\/06\/refs_47-400x279.jpg 400w, https:\/\/sekokimya.com\/wp-content\/uploads\/2025\/06\/refs_47-430x300.jpg 430w, https:\/\/sekokimya.com\/wp-content\/uploads\/2025\/06\/refs_47-150x105.jpg 150w\" sizes=\"auto, (max-width: 470px) 100vw, 470px\" \/><\/figure>\n\n<figure class=\"wp-block-image size-large\"><img loading=\"lazy\" decoding=\"async\" width=\"470\" height=\"328\" data-id=\"34732\" src=\"https:\/\/sekokimya.com\/wp-content\/uploads\/2025\/06\/refs_45.jpg\" alt=\"\" class=\"wp-image-34732\" srcset=\"https:\/\/sekokimya.com\/wp-content\/uploads\/2025\/06\/refs_45.jpg 470w, https:\/\/sekokimya.com\/wp-content\/uploads\/2025\/06\/refs_45-400x279.jpg 400w, https:\/\/sekokimya.com\/wp-content\/uploads\/2025\/06\/refs_45-430x300.jpg 430w, https:\/\/sekokimya.com\/wp-content\/uploads\/2025\/06\/refs_45-150x105.jpg 150w\" sizes=\"auto, (max-width: 470px) 100vw, 470px\" \/><\/figure>\n\n<figure class=\"wp-block-image size-large\"><img loading=\"lazy\" decoding=\"async\" width=\"470\" height=\"328\" data-id=\"34731\" src=\"https:\/\/sekokimya.com\/wp-content\/uploads\/2025\/06\/refs_44.jpg\" alt=\"\" class=\"wp-image-34731\" srcset=\"https:\/\/sekokimya.com\/wp-content\/uploads\/2025\/06\/refs_44.jpg 470w, https:\/\/sekokimya.com\/wp-content\/uploads\/2025\/06\/refs_44-400x279.jpg 400w, https:\/\/sekokimya.com\/wp-content\/uploads\/2025\/06\/refs_44-430x300.jpg 430w, https:\/\/sekokimya.com\/wp-content\/uploads\/2025\/06\/refs_44-150x105.jpg 150w\" sizes=\"auto, (max-width: 470px) 100vw, 470px\" \/><\/figure>\n\n<figure class=\"wp-block-image size-large\"><img loading=\"lazy\" decoding=\"async\" width=\"470\" height=\"328\" data-id=\"34730\" src=\"https:\/\/sekokimya.com\/wp-content\/uploads\/2025\/06\/refs_37.jpg\" alt=\"\" class=\"wp-image-34730\" srcset=\"https:\/\/sekokimya.com\/wp-content\/uploads\/2025\/06\/refs_37.jpg 470w, https:\/\/sekokimya.com\/wp-content\/uploads\/2025\/06\/refs_37-400x279.jpg 400w, https:\/\/sekokimya.com\/wp-content\/uploads\/2025\/06\/refs_37-430x300.jpg 430w, https:\/\/sekokimya.com\/wp-content\/uploads\/2025\/06\/refs_37-150x105.jpg 150w\" sizes=\"auto, (max-width: 470px) 100vw, 470px\" \/><\/figure>\n\n<figure class=\"wp-block-image size-large\"><img loading=\"lazy\" decoding=\"async\" width=\"470\" height=\"328\" data-id=\"34729\" src=\"https:\/\/sekokimya.com\/wp-content\/uploads\/2025\/06\/refs_36.jpg\" alt=\"\" class=\"wp-image-34729\" srcset=\"https:\/\/sekokimya.com\/wp-content\/uploads\/2025\/06\/refs_36.jpg 470w, https:\/\/sekokimya.com\/wp-content\/uploads\/2025\/06\/refs_36-400x279.jpg 400w, https:\/\/sekokimya.com\/wp-content\/uploads\/2025\/06\/refs_36-430x300.jpg 430w, https:\/\/sekokimya.com\/wp-content\/uploads\/2025\/06\/refs_36-150x105.jpg 150w\" sizes=\"auto, (max-width: 470px) 100vw, 470px\" \/><\/figure>\n\n<figure class=\"wp-block-image size-large\"><img loading=\"lazy\" decoding=\"async\" width=\"470\" height=\"328\" data-id=\"34728\" src=\"https:\/\/sekokimya.com\/wp-content\/uploads\/2025\/06\/refs_35.jpg\" alt=\"\" class=\"wp-image-34728\" srcset=\"https:\/\/sekokimya.com\/wp-content\/uploads\/2025\/06\/refs_35.jpg 470w, https:\/\/sekokimya.com\/wp-content\/uploads\/2025\/06\/refs_35-400x279.jpg 400w, https:\/\/sekokimya.com\/wp-content\/uploads\/2025\/06\/refs_35-430x300.jpg 430w, https:\/\/sekokimya.com\/wp-content\/uploads\/2025\/06\/refs_35-150x105.jpg 150w\" sizes=\"auto, (max-width: 470px) 100vw, 470px\" \/><\/figure>\n\n<figure class=\"wp-block-image size-large\"><img loading=\"lazy\" decoding=\"async\" width=\"470\" height=\"328\" data-id=\"34727\" src=\"https:\/\/sekokimya.com\/wp-content\/uploads\/2025\/06\/refs_34.jpg\" alt=\"\" class=\"wp-image-34727\" srcset=\"https:\/\/sekokimya.com\/wp-content\/uploads\/2025\/06\/refs_34.jpg 470w, https:\/\/sekokimya.com\/wp-content\/uploads\/2025\/06\/refs_34-400x279.jpg 400w, https:\/\/sekokimya.com\/wp-content\/uploads\/2025\/06\/refs_34-430x300.jpg 430w, https:\/\/sekokimya.com\/wp-content\/uploads\/2025\/06\/refs_34-150x105.jpg 150w\" sizes=\"auto, (max-width: 470px) 100vw, 470px\" \/><\/figure>\n\n<figure class=\"wp-block-image size-large\"><img loading=\"lazy\" decoding=\"async\" width=\"470\" height=\"328\" data-id=\"34726\" src=\"https:\/\/sekokimya.com\/wp-content\/uploads\/2025\/06\/refs_31.jpg\" alt=\"\" class=\"wp-image-34726\" srcset=\"https:\/\/sekokimya.com\/wp-content\/uploads\/2025\/06\/refs_31.jpg 470w, https:\/\/sekokimya.com\/wp-content\/uploads\/2025\/06\/refs_31-400x279.jpg 400w, https:\/\/sekokimya.com\/wp-content\/uploads\/2025\/06\/refs_31-430x300.jpg 430w, https:\/\/sekokimya.com\/wp-content\/uploads\/2025\/06\/refs_31-150x105.jpg 150w\" sizes=\"auto, (max-width: 470px) 100vw, 470px\" \/><\/figure>\n\n<figure class=\"wp-block-image size-large\"><img loading=\"lazy\" decoding=\"async\" width=\"470\" height=\"328\" data-id=\"34725\" src=\"https:\/\/sekokimya.com\/wp-content\/uploads\/2025\/06\/refs_25.jpg\" alt=\"\" class=\"wp-image-34725\" srcset=\"https:\/\/sekokimya.com\/wp-content\/uploads\/2025\/06\/refs_25.jpg 470w, https:\/\/sekokimya.com\/wp-content\/uploads\/2025\/06\/refs_25-400x279.jpg 400w, https:\/\/sekokimya.com\/wp-content\/uploads\/2025\/06\/refs_25-430x300.jpg 430w, https:\/\/sekokimya.com\/wp-content\/uploads\/2025\/06\/refs_25-150x105.jpg 150w\" sizes=\"auto, (max-width: 470px) 100vw, 470px\" \/><\/figure>\n\n<figure class=\"wp-block-image size-large\"><img loading=\"lazy\" decoding=\"async\" width=\"470\" height=\"328\" data-id=\"34724\" src=\"https:\/\/sekokimya.com\/wp-content\/uploads\/2025\/06\/refs_24.jpg\" alt=\"\" class=\"wp-image-34724\" srcset=\"https:\/\/sekokimya.com\/wp-content\/uploads\/2025\/06\/refs_24.jpg 470w, https:\/\/sekokimya.com\/wp-content\/uploads\/2025\/06\/refs_24-400x279.jpg 400w, https:\/\/sekokimya.com\/wp-content\/uploads\/2025\/06\/refs_24-430x300.jpg 430w, https:\/\/sekokimya.com\/wp-content\/uploads\/2025\/06\/refs_24-150x105.jpg 150w\" sizes=\"auto, (max-width: 470px) 100vw, 470px\" \/><\/figure>\n\n<figure class=\"wp-block-image size-large\"><img loading=\"lazy\" decoding=\"async\" width=\"470\" height=\"328\" data-id=\"34723\" src=\"https:\/\/sekokimya.com\/wp-content\/uploads\/2025\/06\/refs_23.jpg\" alt=\"\" class=\"wp-image-34723\" srcset=\"https:\/\/sekokimya.com\/wp-content\/uploads\/2025\/06\/refs_23.jpg 470w, https:\/\/sekokimya.com\/wp-content\/uploads\/2025\/06\/refs_23-400x279.jpg 400w, https:\/\/sekokimya.com\/wp-content\/uploads\/2025\/06\/refs_23-430x300.jpg 430w, https:\/\/sekokimya.com\/wp-content\/uploads\/2025\/06\/refs_23-150x105.jpg 150w\" sizes=\"auto, (max-width: 470px) 100vw, 470px\" \/><\/figure>\n\n<figure class=\"wp-block-image size-large\"><img loading=\"lazy\" decoding=\"async\" width=\"470\" height=\"328\" data-id=\"34722\" src=\"https:\/\/sekokimya.com\/wp-content\/uploads\/2025\/06\/refs_21.jpg\" alt=\"\" class=\"wp-image-34722\" srcset=\"https:\/\/sekokimya.com\/wp-content\/uploads\/2025\/06\/refs_21.jpg 470w, https:\/\/sekokimya.com\/wp-content\/uploads\/2025\/06\/refs_21-400x279.jpg 400w, https:\/\/sekokimya.com\/wp-content\/uploads\/2025\/06\/refs_21-430x300.jpg 430w, https:\/\/sekokimya.com\/wp-content\/uploads\/2025\/06\/refs_21-150x105.jpg 150w\" sizes=\"auto, (max-width: 470px) 100vw, 470px\" \/><\/figure>\n\n<figure class=\"wp-block-image size-large\"><img loading=\"lazy\" decoding=\"async\" width=\"470\" height=\"328\" data-id=\"34721\" src=\"https:\/\/sekokimya.com\/wp-content\/uploads\/2025\/06\/refs_19.jpg\" alt=\"\" class=\"wp-image-34721\" srcset=\"https:\/\/sekokimya.com\/wp-content\/uploads\/2025\/06\/refs_19.jpg 470w, https:\/\/sekokimya.com\/wp-content\/uploads\/2025\/06\/refs_19-400x279.jpg 400w, https:\/\/sekokimya.com\/wp-content\/uploads\/2025\/06\/refs_19-430x300.jpg 430w, https:\/\/sekokimya.com\/wp-content\/uploads\/2025\/06\/refs_19-150x105.jpg 150w\" sizes=\"auto, (max-width: 470px) 100vw, 470px\" \/><\/figure>\n\n<figure class=\"wp-block-image size-large\"><img loading=\"lazy\" decoding=\"async\" width=\"470\" height=\"328\" data-id=\"34720\" src=\"https:\/\/sekokimya.com\/wp-content\/uploads\/2025\/06\/refs_11.jpg\" alt=\"\" class=\"wp-image-34720\" srcset=\"https:\/\/sekokimya.com\/wp-content\/uploads\/2025\/06\/refs_11.jpg 470w, https:\/\/sekokimya.com\/wp-content\/uploads\/2025\/06\/refs_11-400x279.jpg 400w, https:\/\/sekokimya.com\/wp-content\/uploads\/2025\/06\/refs_11-430x300.jpg 430w, https:\/\/sekokimya.com\/wp-content\/uploads\/2025\/06\/refs_11-150x105.jpg 150w\" sizes=\"auto, (max-width: 470px) 100vw, 470px\" \/><\/figure>\n\n<figure class=\"wp-block-image size-large\"><img loading=\"lazy\" decoding=\"async\" width=\"470\" height=\"328\" data-id=\"34719\" src=\"https:\/\/sekokimya.com\/wp-content\/uploads\/2025\/06\/refs_09.jpg\" alt=\"\" class=\"wp-image-34719\" srcset=\"https:\/\/sekokimya.com\/wp-content\/uploads\/2025\/06\/refs_09.jpg 470w, https:\/\/sekokimya.com\/wp-content\/uploads\/2025\/06\/refs_09-400x279.jpg 400w, https:\/\/sekokimya.com\/wp-content\/uploads\/2025\/06\/refs_09-430x300.jpg 430w, https:\/\/sekokimya.com\/wp-content\/uploads\/2025\/06\/refs_09-150x105.jpg 150w\" sizes=\"auto, (max-width: 470px) 100vw, 470px\" \/><\/figure>\n\n<figure class=\"wp-block-image size-large\"><img loading=\"lazy\" decoding=\"async\" width=\"470\" height=\"328\" data-id=\"34718\" src=\"https:\/\/sekokimya.com\/wp-content\/uploads\/2025\/06\/refs_07.jpg\" alt=\"\" class=\"wp-image-34718\" srcset=\"https:\/\/sekokimya.com\/wp-content\/uploads\/2025\/06\/refs_07.jpg 470w, https:\/\/sekokimya.com\/wp-content\/uploads\/2025\/06\/refs_07-400x279.jpg 400w, https:\/\/sekokimya.com\/wp-content\/uploads\/2025\/06\/refs_07-430x300.jpg 430w, https:\/\/sekokimya.com\/wp-content\/uploads\/2025\/06\/refs_07-150x105.jpg 150w\" sizes=\"auto, (max-width: 470px) 100vw, 470px\" \/><\/figure>\n\n<figure class=\"wp-block-image size-large\"><img loading=\"lazy\" decoding=\"async\" width=\"470\" height=\"328\" data-id=\"34717\" src=\"https:\/\/sekokimya.com\/wp-content\/uploads\/2025\/06\/refs_05.jpg\" alt=\"\" class=\"wp-image-34717\" srcset=\"https:\/\/sekokimya.com\/wp-content\/uploads\/2025\/06\/refs_05.jpg 470w, https:\/\/sekokimya.com\/wp-content\/uploads\/2025\/06\/refs_05-400x279.jpg 400w, https:\/\/sekokimya.com\/wp-content\/uploads\/2025\/06\/refs_05-430x300.jpg 430w, https:\/\/sekokimya.com\/wp-content\/uploads\/2025\/06\/refs_05-150x105.jpg 150w\" sizes=\"auto, (max-width: 470px) 100vw, 470px\" \/><\/figure><\/figure><h2 id=\"wd-261a3274\" class=\"wp-block-wd-title title\">END\u00dcSTR\u0130 REFERANSLARI<\/h2><figure class=\"wp-block-gallery has-nested-images columns-5 is-cropped wp-block-gallery-2 is-layout-flex wp-block-gallery-is-layout-flex\"><figure class=\"wp-block-image size-large\"><img loading=\"lazy\" decoding=\"async\" width=\"470\" height=\"328\" data-id=\"34755\" src=\"https:\/\/sekokimya.com\/wp-content\/uploads\/2025\/06\/refs_104.jpg\" alt=\"\" class=\"wp-image-34755\" srcset=\"https:\/\/sekokimya.com\/wp-content\/uploads\/2025\/06\/refs_104.jpg 470w, https:\/\/sekokimya.com\/wp-content\/uploads\/2025\/06\/refs_104-400x279.jpg 400w, https:\/\/sekokimya.com\/wp-content\/uploads\/2025\/06\/refs_104-430x300.jpg 430w, https:\/\/sekokimya.com\/wp-content\/uploads\/2025\/06\/refs_104-150x105.jpg 150w\" sizes=\"auto, (max-width: 470px) 100vw, 470px\" \/><\/figure>\n\n<figure class=\"wp-block-image size-full\"><img loading=\"lazy\" decoding=\"async\" width=\"471\" height=\"326\" data-id=\"34772\" src=\"https:\/\/sekokimya.com\/wp-content\/uploads\/2025\/06\/refff_12-1.jpg\" alt=\"\" class=\"wp-image-34772\" srcset=\"https:\/\/sekokimya.com\/wp-content\/uploads\/2025\/06\/refff_12-1.jpg 471w, https:\/\/sekokimya.com\/wp-content\/uploads\/2025\/06\/refff_12-1-400x277.jpg 400w, https:\/\/sekokimya.com\/wp-content\/uploads\/2025\/06\/refff_12-1-430x298.jpg 430w, https:\/\/sekokimya.com\/wp-content\/uploads\/2025\/06\/refff_12-1-150x104.jpg 150w\" sizes=\"auto, (max-width: 471px) 100vw, 471px\" \/><\/figure>\n\n<figure class=\"wp-block-image size-large\"><img loading=\"lazy\" decoding=\"async\" width=\"470\" height=\"328\" data-id=\"34753\" src=\"https:\/\/sekokimya.com\/wp-content\/uploads\/2025\/06\/refs_100.jpg\" alt=\"\" class=\"wp-image-34753\" srcset=\"https:\/\/sekokimya.com\/wp-content\/uploads\/2025\/06\/refs_100.jpg 470w, https:\/\/sekokimya.com\/wp-content\/uploads\/2025\/06\/refs_100-400x279.jpg 400w, https:\/\/sekokimya.com\/wp-content\/uploads\/2025\/06\/refs_100-430x300.jpg 430w, https:\/\/sekokimya.com\/wp-content\/uploads\/2025\/06\/refs_100-150x105.jpg 150w\" sizes=\"auto, (max-width: 470px) 100vw, 470px\" \/><\/figure>\n\n<figure class=\"wp-block-image size-large\"><img loading=\"lazy\" decoding=\"async\" width=\"470\" height=\"328\" data-id=\"34752\" src=\"https:\/\/sekokimya.com\/wp-content\/uploads\/2025\/06\/refs_97.jpg\" alt=\"\" class=\"wp-image-34752\" srcset=\"https:\/\/sekokimya.com\/wp-content\/uploads\/2025\/06\/refs_97.jpg 470w, https:\/\/sekokimya.com\/wp-content\/uploads\/2025\/06\/refs_97-400x279.jpg 400w, https:\/\/sekokimya.com\/wp-content\/uploads\/2025\/06\/refs_97-430x300.jpg 430w, https:\/\/sekokimya.com\/wp-content\/uploads\/2025\/06\/refs_97-150x105.jpg 150w\" sizes=\"auto, (max-width: 470px) 100vw, 470px\" \/><\/figure>\n\n<figure class=\"wp-block-image size-large\"><img loading=\"lazy\" decoding=\"async\" width=\"470\" height=\"328\" data-id=\"34751\" src=\"https:\/\/sekokimya.com\/wp-content\/uploads\/2025\/06\/refs_95.jpg\" alt=\"\" class=\"wp-image-34751\" srcset=\"https:\/\/sekokimya.com\/wp-content\/uploads\/2025\/06\/refs_95.jpg 470w, https:\/\/sekokimya.com\/wp-content\/uploads\/2025\/06\/refs_95-400x279.jpg 400w, https:\/\/sekokimya.com\/wp-content\/uploads\/2025\/06\/refs_95-430x300.jpg 430w, https:\/\/sekokimya.com\/wp-content\/uploads\/2025\/06\/refs_95-150x105.jpg 150w\" sizes=\"auto, (max-width: 470px) 100vw, 470px\" \/><\/figure>\n\n<figure class=\"wp-block-image size-large\"><img loading=\"lazy\" decoding=\"async\" width=\"470\" height=\"328\" data-id=\"34750\" src=\"https:\/\/sekokimya.com\/wp-content\/uploads\/2025\/06\/refs_89.jpg\" alt=\"\" class=\"wp-image-34750\" srcset=\"https:\/\/sekokimya.com\/wp-content\/uploads\/2025\/06\/refs_89.jpg 470w, https:\/\/sekokimya.com\/wp-content\/uploads\/2025\/06\/refs_89-400x279.jpg 400w, https:\/\/sekokimya.com\/wp-content\/uploads\/2025\/06\/refs_89-430x300.jpg 430w, https:\/\/sekokimya.com\/wp-content\/uploads\/2025\/06\/refs_89-150x105.jpg 150w\" sizes=\"auto, (max-width: 470px) 100vw, 470px\" \/><\/figure>\n\n<figure class=\"wp-block-image size-full\"><img loading=\"lazy\" decoding=\"async\" width=\"473\" height=\"328\" data-id=\"34771\" src=\"https:\/\/sekokimya.com\/wp-content\/uploads\/2025\/06\/refff_09.jpg\" alt=\"\" class=\"wp-image-34771\" srcset=\"https:\/\/sekokimya.com\/wp-content\/uploads\/2025\/06\/refff_09.jpg 473w, https:\/\/sekokimya.com\/wp-content\/uploads\/2025\/06\/refff_09-400x277.jpg 400w, https:\/\/sekokimya.com\/wp-content\/uploads\/2025\/06\/refff_09-430x298.jpg 430w, https:\/\/sekokimya.com\/wp-content\/uploads\/2025\/06\/refff_09-150x104.jpg 150w\" sizes=\"auto, (max-width: 473px) 100vw, 473px\" \/><\/figure>\n\n<figure class=\"wp-block-image size-large\"><img loading=\"lazy\" decoding=\"async\" width=\"470\" height=\"328\" data-id=\"34748\" src=\"https:\/\/sekokimya.com\/wp-content\/uploads\/2025\/06\/refs_87.jpg\" alt=\"\" class=\"wp-image-34748\" srcset=\"https:\/\/sekokimya.com\/wp-content\/uploads\/2025\/06\/refs_87.jpg 470w, https:\/\/sekokimya.com\/wp-content\/uploads\/2025\/06\/refs_87-400x279.jpg 400w, https:\/\/sekokimya.com\/wp-content\/uploads\/2025\/06\/refs_87-430x300.jpg 430w, https:\/\/sekokimya.com\/wp-content\/uploads\/2025\/06\/refs_87-150x105.jpg 150w\" sizes=\"auto, (max-width: 470px) 100vw, 470px\" \/><\/figure>\n\n<figure class=\"wp-block-image size-large\"><img loading=\"lazy\" decoding=\"async\" width=\"470\" height=\"328\" data-id=\"34747\" src=\"https:\/\/sekokimya.com\/wp-content\/uploads\/2025\/06\/refs_86.jpg\" alt=\"\" class=\"wp-image-34747\" srcset=\"https:\/\/sekokimya.com\/wp-content\/uploads\/2025\/06\/refs_86.jpg 470w, https:\/\/sekokimya.com\/wp-content\/uploads\/2025\/06\/refs_86-400x279.jpg 400w, https:\/\/sekokimya.com\/wp-content\/uploads\/2025\/06\/refs_86-430x300.jpg 430w, https:\/\/sekokimya.com\/wp-content\/uploads\/2025\/06\/refs_86-150x105.jpg 150w\" sizes=\"auto, (max-width: 470px) 100vw, 470px\" \/><\/figure>\n\n<figure class=\"wp-block-image size-large\"><img loading=\"lazy\" decoding=\"async\" width=\"470\" height=\"328\" data-id=\"34746\" src=\"https:\/\/sekokimya.com\/wp-content\/uploads\/2025\/06\/refs_85.jpg\" alt=\"\" class=\"wp-image-34746\" srcset=\"https:\/\/sekokimya.com\/wp-content\/uploads\/2025\/06\/refs_85.jpg 470w, https:\/\/sekokimya.com\/wp-content\/uploads\/2025\/06\/refs_85-400x279.jpg 400w, https:\/\/sekokimya.com\/wp-content\/uploads\/2025\/06\/refs_85-430x300.jpg 430w, https:\/\/sekokimya.com\/wp-content\/uploads\/2025\/06\/refs_85-150x105.jpg 150w\" sizes=\"auto, (max-width: 470px) 100vw, 470px\" \/><\/figure>\n\n<figure class=\"wp-block-image size-large\"><img loading=\"lazy\" decoding=\"async\" width=\"470\" height=\"328\" data-id=\"34745\" src=\"https:\/\/sekokimya.com\/wp-content\/uploads\/2025\/06\/refs_78.jpg\" alt=\"\" class=\"wp-image-34745\" srcset=\"https:\/\/sekokimya.com\/wp-content\/uploads\/2025\/06\/refs_78.jpg 470w, https:\/\/sekokimya.com\/wp-content\/uploads\/2025\/06\/refs_78-400x279.jpg 400w, https:\/\/sekokimya.com\/wp-content\/uploads\/2025\/06\/refs_78-430x300.jpg 430w, https:\/\/sekokimya.com\/wp-content\/uploads\/2025\/06\/refs_78-150x105.jpg 150w\" sizes=\"auto, (max-width: 470px) 100vw, 470px\" \/><\/figure>\n\n<figure class=\"wp-block-image size-large\"><img loading=\"lazy\" decoding=\"async\" width=\"470\" height=\"328\" data-id=\"34744\" src=\"https:\/\/sekokimya.com\/wp-content\/uploads\/2025\/06\/refs_76.jpg\" alt=\"\" class=\"wp-image-34744\" srcset=\"https:\/\/sekokimya.com\/wp-content\/uploads\/2025\/06\/refs_76.jpg 470w, https:\/\/sekokimya.com\/wp-content\/uploads\/2025\/06\/refs_76-400x279.jpg 400w, https:\/\/sekokimya.com\/wp-content\/uploads\/2025\/06\/refs_76-430x300.jpg 430w, https:\/\/sekokimya.com\/wp-content\/uploads\/2025\/06\/refs_76-150x105.jpg 150w\" sizes=\"auto, (max-width: 470px) 100vw, 470px\" \/><\/figure>\n\n<figure class=\"wp-block-image size-large\"><img loading=\"lazy\" decoding=\"async\" width=\"470\" height=\"328\" data-id=\"34743\" src=\"https:\/\/sekokimya.com\/wp-content\/uploads\/2025\/06\/refs_73.jpg\" alt=\"\" class=\"wp-image-34743\" srcset=\"https:\/\/sekokimya.com\/wp-content\/uploads\/2025\/06\/refs_73.jpg 470w, https:\/\/sekokimya.com\/wp-content\/uploads\/2025\/06\/refs_73-400x279.jpg 400w, https:\/\/sekokimya.com\/wp-content\/uploads\/2025\/06\/refs_73-430x300.jpg 430w, https:\/\/sekokimya.com\/wp-content\/uploads\/2025\/06\/refs_73-150x105.jpg 150w\" sizes=\"auto, (max-width: 470px) 100vw, 470px\" \/><\/figure>\n\n<figure class=\"wp-block-image size-large\"><img loading=\"lazy\" decoding=\"async\" width=\"470\" height=\"328\" data-id=\"34742\" src=\"https:\/\/sekokimya.com\/wp-content\/uploads\/2025\/06\/refs_71.jpg\" alt=\"\" class=\"wp-image-34742\" srcset=\"https:\/\/sekokimya.com\/wp-content\/uploads\/2025\/06\/refs_71.jpg 470w, https:\/\/sekokimya.com\/wp-content\/uploads\/2025\/06\/refs_71-400x279.jpg 400w, https:\/\/sekokimya.com\/wp-content\/uploads\/2025\/06\/refs_71-430x300.jpg 430w, https:\/\/sekokimya.com\/wp-content\/uploads\/2025\/06\/refs_71-150x105.jpg 150w\" sizes=\"auto, (max-width: 470px) 100vw, 470px\" \/><\/figure>\n\n<figure class=\"wp-block-image size-large\"><img loading=\"lazy\" decoding=\"async\" width=\"470\" height=\"328\" data-id=\"34741\" src=\"https:\/\/sekokimya.com\/wp-content\/uploads\/2025\/06\/refs_69.jpg\" alt=\"\" class=\"wp-image-34741\" srcset=\"https:\/\/sekokimya.com\/wp-content\/uploads\/2025\/06\/refs_69.jpg 470w, https:\/\/sekokimya.com\/wp-content\/uploads\/2025\/06\/refs_69-400x279.jpg 400w, https:\/\/sekokimya.com\/wp-content\/uploads\/2025\/06\/refs_69-430x300.jpg 430w, https:\/\/sekokimya.com\/wp-content\/uploads\/2025\/06\/refs_69-150x105.jpg 150w\" sizes=\"auto, (max-width: 470px) 100vw, 470px\" \/><\/figure><\/figure><div style=\"height:100px\" aria-hidden=\"true\" class=\"wp-block-spacer\"><\/div><p><\/p>","protected":false},"excerpt":{"rendered":"<p>TUR\u0130ZM REFERANSLARI END\u00dcSTR\u0130 REFERANSLARI<\/p>\n","protected":false},"author":1,"featured_media":0,"parent":0,"menu_order":0,"comment_status":"closed","ping_status":"closed","template":"","meta":{"_acf_changed":false,"footnotes":""},"class_list":["post-34211","page","type-page","status-publish","hentry"],"acf":[],"_links":{"self":[{"href":"https:\/\/sekokimya.com\/en\/wp-json\/wp\/v2\/pages\/34211","targetHints":{"allow":["GET"]}}],"collection":[{"href":"https:\/\/sekokimya.com\/en\/wp-json\/wp\/v2\/pages"}],"about":[{"href":"https:\/\/sekokimya.com\/en\/wp-json\/wp\/v2\/types\/page"}],"author":[{"embeddable":true,"href":"https:\/\/sekokimya.com\/en\/wp-json\/wp\/v2\/users\/1"}],"replies":[{"embeddable":true,"href":"https:\/\/sekokimya.com\/en\/wp-json\/wp\/v2\/comments?post=34211"}],"version-history":[{"count":12,"href":"https:\/\/sekokimya.com\/en\/wp-json\/wp\/v2\/pages\/34211\/revisions"}],"predecessor-version":[{"id":34773,"href":"https:\/\/sekokimya.com\/en\/wp-json\/wp\/v2\/pages\/34211\/revisions\/34773"}],"wp:attachment":[{"href":"https:\/\/sekokimya.com\/en\/wp-json\/wp\/v2\/media?parent=34211"}],"curies":[{"name":"wp","href":"https:\/\/api.w.org\/{rel}","templated":true}]}}