{"id":34234,"date":"2025-04-05T22:51:26","date_gmt":"2025-04-05T19:51:26","guid":{"rendered":"https:\/\/sekokimya.com\/?page_id=34234"},"modified":"2025-06-03T21:44:24","modified_gmt":"2025-06-03T18:44:24","slug":"subeler","status":"publish","type":"page","link":"https:\/\/sekokimya.com\/en\/subeler\/","title":{"rendered":"OUR BRANDS"},"content":{"rendered":"<div class='mapster-wp-maps-container'>\n\t\t\t\t<div class='mapster-wp-maps-loader-container' style='height: 500px;width: 100%;'>\n\t\t\t\t\t<div class='mapster-map-loader-initial' style='background-color: rgba(255,255,255,0.6)'>\n\t\t\t\t\t\t<svg stroke=\"rgba(0, 0, 0, 0.3)\" fill=\"rgba(0, 0, 0, 0.3)\"width=\"38\" height=\"38\" viewBox=\"0 0 38 38\" xmlns=\"http:\/\/www.w3.org\/2000\/svg\" stroke=\"#fff\"> <g fill=\"none\" fill-rule=\"evenodd\"> <g transform=\"translate(1 1)\" stroke-width=\"2\"> <circle stroke-opacity=\".5\" cx=\"18\" cy=\"18\" r=\"18\"\/> <path d=\"M36 18c0-9.94-8.06-18-18-18\"> <animateTransform attributeName=\"transform\" type=\"rotate\" from=\"0 18 18\" to=\"360 18 18\" dur=\"1s\" repeatCount=\"indefinite\"\/> <\/path> <\/g> <\/g> <\/svg>\n\t\t\t\t\t<\/div>\n\t\t\t\t<\/div>\n\t\t\t\t<div class='mapster-wp-maps'\n\t\t\t\t\tid='mapster-wp-maps-34402'\n\t\t\t\t\tdata-id='34402'\n\t\t\t\t\tdata-latitude='null'\n\t\t\t\t\tdata-longitude='null'\n\t\t\t\t\tdata-zoom='null'\n\t\t\t\t\tdata-single_feature_id=''\n\t\t\t\t\tdata-feature_ids=''>\n\t\t\t\t<\/div>\n\t\t\t\t\n\t\t\t<\/div><p><\/p><div id=\"wd-dfdce7b8\" class=\"wp-block-wd-section color-scheme-light\"><div id=\"wd-8bcce2ce\" class=\"wp-block-wd-container wd-dir-col\"><h2 id=\"wd-e5c1690f\" class=\"wp-block-wd-title title wd-align\">OUR BRANDS<\/h2>\r\n\r\n<div id=\"wd-ef0cb3a4\" class=\"wp-block-wd-row\"><div id=\"wd-e435d797\" class=\"wp-block-wd-column\"><h2 id=\"wd-5e2f7998\" class=\"wp-block-wd-title title\"><a href=\"https:\/\/sekokimya.com\/contact\/#\">Ku\u015fadas\u0131<\/a><\/h2>\r\n\r\n<p id=\"wd-1e8fde29\" class=\"wp-block-wd-paragraph\">Bayrakl\u0131dede Mah. Sel\u00e7uk Bulv. Sa\u011fl\u0131k Park Residence <br>B blok \/2B&nbsp; No:8&nbsp; Ku\u015fadas\u0131- AYDIN<\/p>\r\n\r\n<p id=\"wd-ba0b4a6e\" class=\"wp-block-wd-paragraph\">Tel :(256) 612 42 22<\/p>\r\n\r\n<p id=\"wd-725ada7e\" class=\"wp-block-wd-paragraph\">Fax:(256) 612 42 08<\/p>\r\n\r\n<p id=\"wd-2240c784\" class=\"wp-block-wd-paragraph\">\u0130lgili Ki\u015fi: Huriye BA\u011eI\u015eLAMI\u015e<\/p>\r\n\r\n<p>\u0130lgili Ki\u015fi : satis@sekokimya.com<\/p><\/div>\r\n\r\n<div id=\"wd-899654d9\" class=\"wp-block-wd-column wd-align\"><h2 id=\"wd-5dd8f299\" class=\"wp-block-wd-title title\"><a href=\"https:\/\/sekokimya.com\/contact\/#\">Marmaris<\/a><\/h2>\r\n\r\n<p id=\"wd-529e47d7\" class=\"wp-block-wd-paragraph\">\u00c7\u0131ld\u0131r Mah. 107 Sk. No: 15\/B <br>Marmaris \/ MU\u011eLA<\/p>\r\n\r\n<p id=\"wd-cc7c001e\" class=\"wp-block-wd-paragraph\">Tel:(252) 412 80 47<\/p>\r\n\r\n<p id=\"wd-7d4f63eb\" class=\"wp-block-wd-paragraph\">Fax:(252)&nbsp; 412 80 49<\/p>\r\n\r\n<p id=\"wd-f63549fd\" class=\"wp-block-wd-paragraph\">\u0130lgili Ki\u015fi: Emrah KAYMAZ<\/p>\r\n\r\n<p>\u0130lgili Ki\u015fi : satis@sekokimya.com<\/p><\/div><\/div>\r\n\r\n<div id=\"wd-96460ada\" class=\"wp-block-wd-row\"><div id=\"wd-030a6857\" class=\"wp-block-wd-column\"><h2 id=\"wd-98323b2c\" class=\"wp-block-wd-title title\">Bodrum<\/h2>\r\n\r\n<p id=\"wd-44d7a1c9\" class=\"wp-block-wd-paragraph\">Cumhuriyet Cad. No: 2\/A <br>Ortakent Bodrum \/ MU\u011eLA<\/p>\r\n\r\n<p id=\"wd-974a7770\" class=\"wp-block-wd-paragraph\">Tel:(252) 358 63 63<\/p>\r\n\r\n<p id=\"wd-016c8e06\" class=\"wp-block-wd-paragraph\">Fax: (252) 358 65 97<\/p>\r\n\r\n<p id=\"wd-6b7788d6\" class=\"wp-block-wd-paragraph\">\u0130lgili Ki\u015fi: Levent BOLAT<\/p>\r\n\r\n<p>\u0130lgili Ki\u015fi : satis@sekokimya.com<\/p><\/div>\r\n\r\n<div id=\"wd-60826219\" class=\"wp-block-wd-column wd-align\"><h2 id=\"wd-6cac1f3b\" class=\"wp-block-wd-title title\">Fethiye<\/h2>\r\n\r\n<p id=\"wd-49d55d2b\" class=\"wp-block-wd-paragraph\">Patlang\u0131\u00e7 Mah. Patlang\u0131\u00e7-\u00d6l\u00fcdeniz Cad. <br>No:75 \/ A Fethiye MU\u011eLA<\/p>\r\n\r\n<p id=\"wd-00c20b2f\" class=\"wp-block-wd-paragraph\">Tel:(252) 611 35 40<\/p>\r\n\r\n<p id=\"wd-7574a4b2\" class=\"wp-block-wd-paragraph\">Fax: (252) 611 35 39<\/p>\r\n\r\n<p id=\"wd-cab66653\" class=\"wp-block-wd-paragraph\">\u0130lgili Ki\u015fi: Ali R\u0131za KOLAK<\/p>\r\n\r\n<p>\u0130lgili Ki\u015fi : satis@sekokimya.com<\/p><\/div><\/div><\/div><\/div>","protected":false},"excerpt":{"rendered":"<p>OUR BRANDS Ku\u015fadas\u0131 Bayrakl\u0131dede Mah. Sel\u00e7uk Bulv. Sa\u011fl\u0131k Park Residence B blok \/2B&nbsp; No:8&nbsp; Ku\u015fadas\u0131- AYDIN Tel :(256) 612 42<\/p>\n","protected":false},"author":1,"featured_media":0,"parent":0,"menu_order":0,"comment_status":"closed","ping_status":"closed","template":"","meta":{"_acf_changed":false,"footnotes":""},"class_list":["post-34234","page","type-page","status-publish","hentry"],"acf":[],"_links":{"self":[{"href":"https:\/\/sekokimya.com\/en\/wp-json\/wp\/v2\/pages\/34234","targetHints":{"allow":["GET"]}}],"collection":[{"href":"https:\/\/sekokimya.com\/en\/wp-json\/wp\/v2\/pages"}],"about":[{"href":"https:\/\/sekokimya.com\/en\/wp-json\/wp\/v2\/types\/page"}],"author":[{"embeddable":true,"href":"https:\/\/sekokimya.com\/en\/wp-json\/wp\/v2\/users\/1"}],"replies":[{"embeddable":true,"href":"https:\/\/sekokimya.com\/en\/wp-json\/wp\/v2\/comments?post=34234"}],"version-history":[{"count":9,"href":"https:\/\/sekokimya.com\/en\/wp-json\/wp\/v2\/pages\/34234\/revisions"}],"predecessor-version":[{"id":34666,"href":"https:\/\/sekokimya.com\/en\/wp-json\/wp\/v2\/pages\/34234\/revisions\/34666"}],"wp:attachment":[{"href":"https:\/\/sekokimya.com\/en\/wp-json\/wp\/v2\/media?parent=34234"}],"curies":[{"name":"wp","href":"https:\/\/api.w.org\/{rel}","templated":true}]}}