{"id":5288,"date":"2021-08-25T09:00:10","date_gmt":"2021-08-25T09:00:10","guid":{"rendered":"http:\/\/dummy.xtemos.com\/woodmart2\/?page_id=5288"},"modified":"2025-06-30T11:43:24","modified_gmt":"2025-06-30T08:43:24","slug":"contact-us","status":"publish","type":"page","link":"https:\/\/sekokimya.com\/en\/contact-us\/","title":{"rendered":"CONTACT US"},"content":{"rendered":"<p><\/p><div id=\"wd-4ce72c31\" class=\"wp-block-wd-row\"><div id=\"wd-f4ff04a0\" class=\"wp-block-wd-column\"><h2 id=\"wd-10541498\" class=\"wp-block-wd-title title\">Contact Us<\/h2><\/div>\r\n\r\n<div id=\"wd-1b923e58\" class=\"wp-block-wd-column\"><h2 id=\"wd-e2112c3a\" class=\"wp-block-wd-title title\">ADDRESS<\/h2>\r\n\r\n<ul id=\"wd-4170141c\" class=\"wp-block-wd-list wd-list wd-type-without\"><li id=\"wd-efef93c6\" class=\"wp-block-wd-list-item\"><span class=\"wd-list-content\">1201 \/1 SOK. No: P\/29 Temsil Plaza Yeni\u015fehir &#8211; \u0130ZM\u0130R<\/span><\/li>\r\n\r\n<li id=\"wd-ebcb4654\" class=\"wp-block-wd-list-item\"><span class=\"wd-list-content\">&nbsp;+90 232 457 05 01<\/span><\/li>\r\n\r\n<li id=\"wd-e05cc42c\" class=\"wp-block-wd-list-item\"><span class=\"wd-list-content\">&nbsp;muhasebe@sekokimya.com<\/span><\/li>\r\n\r\n<li id=\"wd-332abb8d\" class=\"wp-block-wd-list-item\"><span class=\"wd-list-content\">&nbsp;+90 232 457 06 70<\/span><\/li>\r\n\r\n<li id=\"wd-fd07da54\" class=\"wp-block-wd-list-item\"><span class=\"wd-list-content\">&nbsp;Pzt- Cuma: 9:00 \u2013 18:30<\/span><\/li><\/ul><\/div><\/div><h2 id=\"wd-0e23ddad\" class=\"wp-block-wd-title title\">OUR BRANDS<\/h2><div class='mapster-wp-maps-container'>\n\t\t\t\t<div class='mapster-wp-maps-loader-container' style='height: 500px;width: 100%;'>\n\t\t\t\t\t<div class='mapster-map-loader-initial' style='background-color: rgba(255,255,255,0.6)'>\n\t\t\t\t\t\t<svg stroke=\"rgba(0, 0, 0, 0.3)\" fill=\"rgba(0, 0, 0, 0.3)\"width=\"38\" height=\"38\" viewBox=\"0 0 38 38\" xmlns=\"http:\/\/www.w3.org\/2000\/svg\" stroke=\"#fff\"> <g fill=\"none\" fill-rule=\"evenodd\"> <g transform=\"translate(1 1)\" stroke-width=\"2\"> <circle stroke-opacity=\".5\" cx=\"18\" cy=\"18\" r=\"18\"\/> <path d=\"M36 18c0-9.94-8.06-18-18-18\"> <animateTransform attributeName=\"transform\" type=\"rotate\" from=\"0 18 18\" to=\"360 18 18\" dur=\"1s\" repeatCount=\"indefinite\"\/> <\/path> <\/g> <\/g> <\/svg>\n\t\t\t\t\t<\/div>\n\t\t\t\t<\/div>\n\t\t\t\t<div class='mapster-wp-maps'\n\t\t\t\t\tid='mapster-wp-maps-34402'\n\t\t\t\t\tdata-id='34402'\n\t\t\t\t\tdata-latitude='null'\n\t\t\t\t\tdata-longitude='null'\n\t\t\t\t\tdata-zoom='null'\n\t\t\t\t\tdata-single_feature_id=''\n\t\t\t\t\tdata-feature_ids=''>\n\t\t\t\t<\/div>\n\t\t\t\t\n\t\t\t<\/div><p><\/p>","protected":false},"excerpt":{"rendered":"<p>Contact Us ADDRESS 1201 \/1 SOK. No: P\/29 Temsil Plaza Yeni\u015fehir &#8211; \u0130ZM\u0130R &nbsp;+90 232 457 05 01 &nbsp;muhasebe@sekokimya.com &nbsp;+90<\/p>\n","protected":false},"author":1,"featured_media":0,"parent":0,"menu_order":0,"comment_status":"closed","ping_status":"closed","template":"","meta":{"_acf_changed":false,"footnotes":""},"class_list":["post-5288","page","type-page","status-publish","hentry"],"acf":[],"_links":{"self":[{"href":"https:\/\/sekokimya.com\/en\/wp-json\/wp\/v2\/pages\/5288","targetHints":{"allow":["GET"]}}],"collection":[{"href":"https:\/\/sekokimya.com\/en\/wp-json\/wp\/v2\/pages"}],"about":[{"href":"https:\/\/sekokimya.com\/en\/wp-json\/wp\/v2\/types\/page"}],"author":[{"embeddable":true,"href":"https:\/\/sekokimya.com\/en\/wp-json\/wp\/v2\/users\/1"}],"replies":[{"embeddable":true,"href":"https:\/\/sekokimya.com\/en\/wp-json\/wp\/v2\/comments?post=5288"}],"version-history":[{"count":9,"href":"https:\/\/sekokimya.com\/en\/wp-json\/wp\/v2\/pages\/5288\/revisions"}],"predecessor-version":[{"id":34695,"href":"https:\/\/sekokimya.com\/en\/wp-json\/wp\/v2\/pages\/5288\/revisions\/34695"}],"wp:attachment":[{"href":"https:\/\/sekokimya.com\/en\/wp-json\/wp\/v2\/media?parent=5288"}],"curies":[{"name":"wp","href":"https:\/\/api.w.org\/{rel}","templated":true}]}}